{"id":2188,"date":"2022-08-01T14:17:47","date_gmt":"2022-08-01T14:17:47","guid":{"rendered":"https:\/\/fisioterapiamagliasina.ch\/?page_id=2188"},"modified":"2022-08-11T12:20:31","modified_gmt":"2022-08-11T12:20:31","slug":"fisioterapia","status":"publish","type":"page","link":"https:\/\/fisioterapiamagliasina.ch\/de\/servizi\/fisioterapia\/","title":{"rendered":"Physiotherapie"},"content":{"rendered":"<p>Hai spesso mal di schiena, la gamba \u00e8 insensibile, hai avuto un ictus o hai appena sub\u00ecto un intervento chirurgico per una mano rotta. Che i tuoi problemi siano stati causati da incidenti, operazioni, cattive abitudini di postura o semplicemente dal normale invecchiamento, la fisioterapia pu\u00f2 aiutarti! Quali problemi possono essere trattati? Quali sono le diverse tecniche utilizzate in fisioterapia? Rivolgiti a Fisioterapia Magliasina a Caslano. Il nostro team di alto livello \u00e8 specializzato in<a href=\"https:\/\/fisioterapiamagliasina.ch\/de\/servizi\/terapia-manuale\/\" data-type=\"page\" data-id=\"2127\"> terapia manuale<\/a>, concetto <a href=\"https:\/\/fisioterapiamagliasina.ch\/de\/servizi\/maitland\/\" data-type=\"page\" data-id=\"2130\">Maitland<\/a> e fisioterapia neuromotoria (Bobath), che si occupa della cura del dolore e del recupero della funzione e della qualit\u00e0 della vita in seguito a patologie ortopediche, congenite, degenerative, traumatiche o neurologiche.&nbsp;<\/p>\n\n\n\n<h2 class=\"wp-block-heading\">Fisioterapia: cos\u2019\u00e8&nbsp;<\/h2>\n\n\n\n<p>Un dizionario medico definisce la fisioterapia come una tecnica di riabilitazione o prevenzione indicata per tutte le condizioni degenerative dello scheletro nonch\u00e9 in determinate condizioni neurologiche. Aiuta ad alleviare il dolore, prevenire o ridurre la rigidit\u00e0 articolare e a recuperare la forza muscolare. In generale, \u00e8 coinvolta nel trattamento di condizioni che colpiscono i muscoli, le articolazioni, le ossa, il sistema neurologico e respiratorio.&nbsp;<\/p>\n\n\n\n<h2 class=\"wp-block-heading\">I diversi tipi di fisioterapia:&nbsp;<\/h2>\n\n\n\n<p>La fisioterapia include diverse tecniche e specialit\u00e0. \u00c8 quindi importante consultare un professionista per ottenere la migliore assistenza. Ecco le principali specializzazioni:&nbsp;<\/p>\n\n\n\n<h3 class=\"wp-block-heading\">geriatrica&nbsp;&nbsp;<\/h3>\n\n\n\n<p>L&#8217;obiettivo \u00e8 quello di migliorare la vita quotidiana delle persone anziane ritardando l&#8217;invecchiamento.&nbsp;<\/p>\n\n\n\n<h3 class=\"wp-block-heading\">neonatale e pediatrica&nbsp;&nbsp;<\/h3>\n\n\n\n<p>\u00e8 rivolta a neonati, nati a termine o prematuri, e ai bambini fino all\u2019adolescenza. Il terapeuta pu\u00f2, ad esempio, intervenire nei neonati in caso di torcicollo miogeno, asimmetria posturale del corpo o ritardi nello sviluppo motorio.&nbsp;<\/p>\n\n\n\n<h3 class=\"wp-block-heading\">fisioterapia ortopedica e traumatologica&nbsp;<\/h3>\n\n\n\n<p>\u00e8 rivolta alle persone che soffrono di mobilit\u00e0 ridotta e dolori a livello di articolazioni, tendini, ossa e muscoli. Spesso le parti pi\u00f9 colpite sono ginocchia, piedi, schiena e spalle.&nbsp;<\/p>\n\n\n\n<h3 class=\"wp-block-heading\">sportiva&nbsp;&nbsp;<\/h3>\n\n\n\n<p>\u00e8 rivolta agli atleti come forma di prevenzione per eventuali infortuni o a coloro che si infortunano durante un\u2019attivit\u00e0 sportiva. A differenza del programma proposto a coloro che non praticano uno sport a livello agonistico, il programma di recupero pensato per uno sportivo \u00e8 diverso. Non solo \u00e8 pi\u00f9 intenso, ma differisce anche nella qualit\u00e0, quantit\u00e0 e obiettivo, che \u00e8 quello di riprendere il pi\u00f9 velocemente possibile l\u2019attivit\u00e0 agonistica.&nbsp;&nbsp;<\/p>\n\n\n\n<h3 class=\"wp-block-heading\">neurologica&nbsp;<\/h3>\n\n\n\n<p>tratta le condizioni del sistema nervoso centrale (ictus, trauma cranico, Parkinson, Alzheimer). Il terapista aiuter\u00e0 il paziente a coordinare o recuperare la mobilit\u00e0, la forza muscolare, l\u2019equilibrio, ecc.&nbsp;<\/p>\n\n\n\n<h3 class=\"wp-block-heading\">cardiorespiratoria&nbsp;&nbsp;<\/h3>\n\n\n\n<p>\u00e8 benefica per le persone che soffrono di malattie e lesioni al cuore e ai polmoni come, ad esempio, l&#8217;asma o la broncopneumopatia cronica ostruttiva, l\u2019insufficienza cardiaca congestizia, ecc. Il terapeuta cercher\u00e0 di migliorare la funzione cardiovascolare, ridurre la mancanza di respiro, migliorare la forza e la resistenza muscolare del paziente.&nbsp;<\/p>\n\n\n\n<h2 class=\"wp-block-heading\">Quali sono i diversi metodi utilizzati in fisioterapia?&nbsp;<\/h2>\n\n\n\n<p>I fisioterapisti hanno a loro disposizione una vasta gamma di tecniche per alleviare e curare i loro pazienti. Alcune di queste sono: massaggi, esercizi riabilitativi (si parla poi di terapia manuale), ma anche trattamenti con il caldo o il freddo (termoterapia), con l&#8217;acqua (idroterapia) o anche con l&#8217;elettricit\u00e0.&nbsp;Vediamo in cosa consistono gli strumenti utilizzati in fisioterapia:&nbsp;<\/p>\n\n\n\n<h3 class=\"wp-block-heading\">terapie manuali:&nbsp;&nbsp;<\/h3>\n\n\n\n<p>La fisioterapia manuale comprende generalmente massaggi ed esercizi personalizzati che favoriranno la ripresa del movimento e miglioreranno il dolore.&nbsp;<\/p>\n\n\n\n<h3 class=\"wp-block-heading\">elettroterapia:&nbsp;&nbsp;<\/h3>\n\n\n\n<p>Questa metodica, non invasiva e naturale, \u00e8 un trattamento basato sull&#8217;utilizzo dell&#8217;energia elettrica (ionizzazione, <a href=\"https:\/\/it.wikipedia.org\/wiki\/Ultrasuoni\" data-type=\"URL\" data-id=\"https:\/\/it.wikipedia.org\/wiki\/Ultrasuoni\" target=\"_blank\" rel=\"noopener\">ultrasuoni<\/a>, infrasuoni, infrarossi, ultravioletti, ecc.). L&#8217;elettroterapia utilizza correnti elettriche di diverse frequenze, tramite elettrodi, al fine di alleviare il dolore e favorire la circolazione sanguigna. Grazie alla sua azione localizzata, con l&#8217;elettroterapia si possono curare mal di testa, nevralgie, dolori tendinei o articolari e contratture.&nbsp;<\/p>\n\n\n\n<h3 class=\"wp-block-heading\">idroterapia&nbsp;<\/h3>\n\n\n\n<p>con questo termine ci si riferisce ai trattamenti a base di acqua (di mare o di sorgente). I trattamenti a base d&#8217;acqua sono particolarmente indicati nell&#8217;ambito della riabilitazione. L&#8217;effetto senza peso dell&#8217;acqua riduce il dolore e aumenta la libert\u00e0 di movimento.&nbsp;<\/p>\n\n\n\n<h3 class=\"wp-block-heading\">termoterapia&nbsp;&nbsp;<\/h3>\n\n\n\n<p>\u00e8 una tecnica che consiste nell&#8217;utilizzo di uno strumento che modifica la temperatura di una zona del corpo in modo da alleviare il dolore quasi istantaneamente, qualunque sia la sua origine (muscolare, intestinale, infiammatoria, ecc.).&nbsp;<\/p>\n\n\n\n<h2 class=\"wp-block-heading\">Fisioterapia: collaborazione fra terapista e paziente&nbsp;<\/h2>\n\n\n\n<p>Lo specialista in fisioterapia ha un&#8217;importante responsabilit\u00e0 nella cura e nella valutazione dei bisogni dei suoi pazienti. Tuttavia, \u00e8 importante ricordare che i trattamenti fisioterapici si basano sull&#8217;auto-responsabilit\u00e0 del paziente: il rispetto delle procedure e degli esercizi messi in atto dal terapeuta contribuir\u00e0 ad un significativo miglioramento delle condizioni di vita del paziente. Il professionista della fisioterapia \u00e8 l\u00ec per supportarti e guidarti attraverso questo processo.&nbsp;&nbsp;<\/p>\n\n\n\n<h2 class=\"wp-block-heading\">Perch\u00e9 scegliere Fisioterapia Magliasina?&nbsp;<\/h2>\n\n\n\n<p>Il ragionamento clinico (clinical reasoning) costituisce la base dell\u2019operato di Fisioterapia Magliasina a Caslano. Tramite l\u2019anamnesi e l\u2019esame clinico\/fisico formuliamo una diagnosi\/ipotesi che ci permette di eseguire un trattamento efficace.&nbsp;<\/p>\n\n\n\n<ul class=\"wp-block-list\"><li>per la cura del dolore cronico e acuto&nbsp;<\/li><li>riabilitazione post-chirurgica e -traumatica&nbsp;<\/li><li>riabilitazione sportiva e allenamento specifico&nbsp;<\/li><\/ul>","protected":false},"excerpt":{"rendered":"<p>Hai spesso mal di schiena, la gamba \u00e8 insensibile, hai avuto un ictus o hai appena sub\u00ecto un intervento chirurgico per una mano rotta. Che i tuoi problemi siano stati causati da incidenti, operazioni, cattive abitudini di postura o semplicemente dal normale invecchiamento, la fisioterapia pu\u00f2 aiutarti! Quali problemi possono essere trattati? Quali sono le [&hellip;]<\/p>","protected":false},"author":2,"featured_media":1066,"parent":24,"menu_order":0,"comment_status":"closed","ping_status":"closed","template":"","meta":{"ocean_post_layout":"","ocean_both_sidebars_style":"","ocean_both_sidebars_content_width":0,"ocean_both_sidebars_sidebars_width":0,"ocean_sidebar":"0","ocean_second_sidebar":"0","ocean_disable_margins":"enable","ocean_add_body_class":"","ocean_shortcode_before_top_bar":"","ocean_shortcode_after_top_bar":"","ocean_shortcode_before_header":"","ocean_shortcode_after_header":"","ocean_has_shortcode":"","ocean_shortcode_after_title":"","ocean_shortcode_before_footer_widgets":"","ocean_shortcode_after_footer_widgets":"","ocean_shortcode_before_footer_bottom":"","ocean_shortcode_after_footer_bottom":"","ocean_display_top_bar":"default","ocean_display_header":"default","ocean_header_style":"","ocean_center_header_left_menu":"0","ocean_custom_header_template":"0","ocean_custom_logo":0,"ocean_custom_retina_logo":0,"ocean_custom_logo_max_width":0,"ocean_custom_logo_tablet_max_width":0,"ocean_custom_logo_mobile_max_width":0,"ocean_custom_logo_max_height":0,"ocean_custom_logo_tablet_max_height":0,"ocean_custom_logo_mobile_max_height":0,"ocean_header_custom_menu":"0","ocean_menu_typo_font_family":"0","ocean_menu_typo_font_subset":"","ocean_menu_typo_font_size":0,"ocean_menu_typo_font_size_tablet":0,"ocean_menu_typo_font_size_mobile":0,"ocean_menu_typo_font_size_unit":"px","ocean_menu_typo_font_weight":"","ocean_menu_typo_font_weight_tablet":"","ocean_menu_typo_font_weight_mobile":"","ocean_menu_typo_transform":"","ocean_menu_typo_transform_tablet":"","ocean_menu_typo_transform_mobile":"","ocean_menu_typo_line_height":0,"ocean_menu_typo_line_height_tablet":0,"ocean_menu_typo_line_height_mobile":0,"ocean_menu_typo_line_height_unit":"","ocean_menu_typo_spacing":0,"ocean_menu_typo_spacing_tablet":0,"ocean_menu_typo_spacing_mobile":0,"ocean_menu_typo_spacing_unit":"","ocean_menu_link_color":"","ocean_menu_link_color_hover":"","ocean_menu_link_color_active":"","ocean_menu_link_background":"","ocean_menu_link_hover_background":"","ocean_menu_link_active_background":"","ocean_menu_social_links_bg":"","ocean_menu_social_hover_links_bg":"","ocean_menu_social_links_color":"","ocean_menu_social_hover_links_color":"","ocean_disable_title":"on","ocean_disable_heading":"default","ocean_post_title":"","ocean_post_subheading":"","ocean_post_title_style":"","ocean_post_title_background_color":"","ocean_post_title_background":0,"ocean_post_title_bg_image_position":"","ocean_post_title_bg_image_attachment":"","ocean_post_title_bg_image_repeat":"","ocean_post_title_bg_image_size":"","ocean_post_title_height":0,"ocean_post_title_bg_overlay":0.5,"ocean_post_title_bg_overlay_color":"","ocean_disable_breadcrumbs":"default","ocean_breadcrumbs_color":"","ocean_breadcrumbs_separator_color":"","ocean_breadcrumbs_links_color":"","ocean_breadcrumbs_links_hover_color":"","ocean_display_footer_widgets":"default","ocean_display_footer_bottom":"default","ocean_custom_footer_template":"0","footnotes":""},"class_list":["post-2188","page","type-page","status-publish","has-post-thumbnail","hentry","entry","has-media"],"_links":{"self":[{"href":"https:\/\/fisioterapiamagliasina.ch\/de\/wp-json\/wp\/v2\/pages\/2188","targetHints":{"allow":["GET"]}}],"collection":[{"href":"https:\/\/fisioterapiamagliasina.ch\/de\/wp-json\/wp\/v2\/pages"}],"about":[{"href":"https:\/\/fisioterapiamagliasina.ch\/de\/wp-json\/wp\/v2\/types\/page"}],"author":[{"embeddable":true,"href":"https:\/\/fisioterapiamagliasina.ch\/de\/wp-json\/wp\/v2\/users\/2"}],"replies":[{"embeddable":true,"href":"https:\/\/fisioterapiamagliasina.ch\/de\/wp-json\/wp\/v2\/comments?post=2188"}],"version-history":[{"count":6,"href":"https:\/\/fisioterapiamagliasina.ch\/de\/wp-json\/wp\/v2\/pages\/2188\/revisions"}],"predecessor-version":[{"id":2207,"href":"https:\/\/fisioterapiamagliasina.ch\/de\/wp-json\/wp\/v2\/pages\/2188\/revisions\/2207"}],"up":[{"embeddable":true,"href":"https:\/\/fisioterapiamagliasina.ch\/de\/wp-json\/wp\/v2\/pages\/24"}],"wp:featuredmedia":[{"embeddable":true,"href":"https:\/\/fisioterapiamagliasina.ch\/de\/wp-json\/wp\/v2\/media\/1066"}],"wp:attachment":[{"href":"https:\/\/fisioterapiamagliasina.ch\/de\/wp-json\/wp\/v2\/media?parent=2188"}],"curies":[{"name":"wp","href":"https:\/\/api.w.org\/{rel}","templated":true}]}}