{"id":2131,"date":"2022-07-21T08:27:42","date_gmt":"2022-07-21T08:27:42","guid":{"rendered":"https:\/\/fisioterapiamagliasina.ch\/?page_id=2131"},"modified":"2022-08-11T12:30:03","modified_gmt":"2022-08-11T12:30:03","slug":"riabilitazione","status":"publish","type":"page","link":"https:\/\/fisioterapiamagliasina.ch\/de\/servizi\/riabilitazione\/","title":{"rendered":"Rehabilitation"},"content":{"rendered":"<p>Ti sei infortunato alla spalla e il dolore persiste? Hai appena sub\u00ecto un intervento all&#8217;anca o, purtroppo, sei nato con un handicap muscolo-scheletrico o neurologico? Al fine di ridurre il dolore e ripristinare la mobilit\u00e0, molto probabilmente ti sono state prescritte delle sedute di riabilitazione da effettuare da un fisioterapista. Cos&#8217;\u00e8 la riabilitazione? Che ruolo gioca nella fisioterapia? Chi pu\u00f2 trarne vantaggio? Il team di Fisioterapia Magliasina a Caslano \u00e8 specializzato in <a href=\"https:\/\/fisioterapiamagliasina.ch\/de\/servizi\/riabilitazione\/\" data-type=\"page\" data-id=\"2131\">riabilitazione<\/a>, <a href=\"https:\/\/fisioterapiamagliasina.ch\/de\/servizi\/terapia-manuale\/\" data-type=\"page\" data-id=\"2127\">terapia manuale<\/a>, concetto Maitland e fisioterapia neuromotoria (Bobath), che si occupa della cura del dolore e del recupero della funzione e della qualit\u00e0 della vita in seguito a patologie ortopediche, congenite, degenerative, traumatiche o neurologiche.&nbsp;<\/p>\n\n\n\n<h2 class=\"wp-block-heading\">Definizione e obiettivo della riabilitazione&nbsp;<\/h2>\n\n\n\n<p>Un dizionario definisce la riabilitazione come l&#8217;azione di ripristino della normale funzione di un membro o di un organo dopo una lesione o una malattia, o in un soggetto che soffre di una qualche carenza o infermit\u00e0 (disabilit\u00e0 congenita, neurologica). Nella maggior parte dei casi si richiede dopo un infortunio con conseguente incapacit\u00e0 funzionale temporanea (distorsioni, lussazioni, tendiniti, fratture, ecc.). In questo caso, quindi, grazie a cure adeguate e ripetuti esercizi, permetter\u00e0 di recuperare l&#8217;uso di quanto temporaneamente danneggiato dall&#8217;infortunio. Pu\u00f2 essere utile anche prima e dopo l&#8217;intervento chirurgico con conseguente dolore e\/o perdita di mobilit\u00e0 come nel caso, ad esempio, di una protesi all\u2019anca o di un&#8217;ernia del disco.&nbsp;<\/p>\n\n\n\n<h2 class=\"wp-block-heading\">Fisioterapia e riabilitazione&nbsp;<\/h2>\n\n\n\n<p>Grazie alle loro capacit\u00e0, i fisioterapisti sono in grado di fornire assistenza per patologie dell&#8217;apparato muscolo-scheletrico. I fisioterapisti hanno a disposizione un&#8217;ampia gamma di strumenti per alleviare e curare i propri pazienti con diverse tecniche. I trattamenti possono includere massaggi, esercizi (si parla poi di terapia manuale), ma anche trattamenti con il caldo o il freddo (termoterapia), con l&#8217;acqua (idroterapia) o anche con l&#8217;elettricit\u00e0. Alcuni fisioterapisti sono specializzati nella riabilitazione degli arti inferiori (ginocchia, piedi, caviglie, ecc.) o degli arti superiori (spalla, mano, gomito).&nbsp;<\/p>\n\n\n\n<h2 class=\"wp-block-heading\">I diversi tipi di riabilitazione&nbsp;<\/h2>\n\n\n\n<p><\/p>\n\n\n\n<h3 class=\"wp-block-heading\">Rieducazione muscolare&nbsp;<\/h3>\n\n\n\n<p>indicata quando una persona ha perso momentaneamente l&#8217;uso di un arto (braccio, gamba, mano, ecc.) Ci\u00f2 avviene generalmente a seguito di un incidente o di un infortunio sportivo.&nbsp;<\/p>\n\n\n\n<h3 class=\"wp-block-heading\">Riabilitazione cardiovascolare&nbsp;<\/h3>\n\n\n\n<p>un trattamento efficace per le persone che hanno sub\u00ecto un recente evento cardiaco (infarto del miocardio, angioplastica coronarica, cardiochirurgia, ecc.) o che soffrono di insufficienza cardiaca. Un programma personalizzato permetter\u00e0 di recuperare le forze, prevenire il peggioramento del problema e ridurre il rischio di futuri problemi cardiaci.&nbsp;<\/p>\n\n\n\n<h3 class=\"wp-block-heading\">Riabilitazione polmonare&nbsp;<\/h3>\n\n\n\n<p>si propone di mantenere, di recuperare o migliorare la funzione ventilatoria. Viene generalmente prescritto quando i pazienti soffrono di asma cronica, malattie polmonari o dopo un intervento chirurgico ai polmoni. Riguarda sia gli adulti che i bambini piccoli.&nbsp;<\/p>\n\n\n\n<h3 class=\"wp-block-heading\">Riabilitazione del <a href=\"https:\/\/it.wikipedia.org\/wiki\/Perineo\" data-type=\"URL\" data-id=\"https:\/\/it.wikipedia.org\/wiki\/Perineo\" target=\"_blank\" rel=\"noopener\">perineo<\/a>&nbsp;<\/h3>\n\n\n\n<p>dopo il parto, si consiglia vivamente di effettuare pi\u00f9 sedute di riabilitazione del perineo. Queste sessioni permetteranno al tuo perineo, che ha sostenuto il peso del bambino per 9 mesi e che si \u00e8 nuovamente rilassato durante il parto, di rassodarsi.&nbsp;<\/p>\n\n\n\n<h3 class=\"wp-block-heading\">Riabilitazione psicomotoria&nbsp;<\/h3>\n\n\n\n<p>lo scopo \u00e8 quello di riabilitare i pazienti con disturbi psicomotori, utilizzando alcune tecniche di approccio al corpo come esercizi di equilibrio e coordinazione. Implementata come misura preventiva, la riabilitazione psicomotoria migliora anche la qualit\u00e0 della vita ed evita ritardi nello sviluppo fin dalla tenera et\u00e0. Nei pazienti anziani gli scopi di questo tipo di riabilitazione sono la riattivazione e\/o il mantenimento delle funzioni psicomotorie e il miglioramento e il recupero dell\u2019immagine di s\u00e9 attraverso varie attivit\u00e0, ginnastica dolce e rilassamento muscolare.&nbsp;<\/p>\n\n\n\n<h2 class=\"wp-block-heading\">L\u2019efficacia della riabilitazione&nbsp;<\/h2>\n\n\n\n<p>Se le indicazioni sono cos\u00ec numerose \u00e8 perch\u00e9 questo processo fornisce un valido aiuto a persone che, temporaneamente o permanentemente, si trovano nell&#8217;impossibilit\u00e0 di compiere determinati gesti e attivit\u00e0. Le sessioni favoriscono la riduzione del dolore, aiutano a ritrovare una certa autonomia e l\u2019equilibrio mentale e favorir\u00e0 la vostra integrazione sociale, familiare e professionale.&nbsp;<\/p>\n\n\n\n<p>La riabilitazione pu\u00f2 aiutarti a stabilizzare, rinforzare e recuperare la capacit\u00e0 fisica, in modo da permetterti di tornare a vivere la propria quotidianit\u00e0. Il ragionamento clinico (clinical reasoning) costituisce la base dell\u2019operato di Fisioterapia Magliasina a Caslano. L\u2019anamnesi e l\u2019esame clinico\/fisico accurato ci permette di identificare il problema e formulare una diagnosi\/ipotesi che ci permette di eseguire un trattamento efficace:<\/p>\n\n\n\n<ul class=\"wp-block-list\"><li>per la cura del dolore cronico e acuto&nbsp;<\/li><li>post-chirurgica e post-traumatica&nbsp;<\/li><li>sportiva e allenamento specifico&nbsp;<\/li><\/ul>","protected":false},"excerpt":{"rendered":"<p>Ti sei infortunato alla spalla e il dolore persiste? Hai appena sub\u00ecto un intervento all&#8217;anca o, purtroppo, sei nato con un handicap muscolo-scheletrico o neurologico? Al fine di ridurre il dolore e ripristinare la mobilit\u00e0, molto probabilmente ti sono state prescritte delle sedute di riabilitazione da effettuare da un fisioterapista. Cos&#8217;\u00e8 la riabilitazione? Che ruolo [&hellip;]<\/p>","protected":false},"author":2,"featured_media":1063,"parent":24,"menu_order":0,"comment_status":"closed","ping_status":"closed","template":"","meta":{"ocean_post_layout":"","ocean_both_sidebars_style":"","ocean_both_sidebars_content_width":0,"ocean_both_sidebars_sidebars_width":0,"ocean_sidebar":"0","ocean_second_sidebar":"0","ocean_disable_margins":"enable","ocean_add_body_class":"","ocean_shortcode_before_top_bar":"","ocean_shortcode_after_top_bar":"","ocean_shortcode_before_header":"","ocean_shortcode_after_header":"","ocean_has_shortcode":"","ocean_shortcode_after_title":"","ocean_shortcode_before_footer_widgets":"","ocean_shortcode_after_footer_widgets":"","ocean_shortcode_before_footer_bottom":"","ocean_shortcode_after_footer_bottom":"","ocean_display_top_bar":"default","ocean_display_header":"default","ocean_header_style":"","ocean_center_header_left_menu":"0","ocean_custom_header_template":"0","ocean_custom_logo":0,"ocean_custom_retina_logo":0,"ocean_custom_logo_max_width":0,"ocean_custom_logo_tablet_max_width":0,"ocean_custom_logo_mobile_max_width":0,"ocean_custom_logo_max_height":0,"ocean_custom_logo_tablet_max_height":0,"ocean_custom_logo_mobile_max_height":0,"ocean_header_custom_menu":"0","ocean_menu_typo_font_family":"0","ocean_menu_typo_font_subset":"","ocean_menu_typo_font_size":0,"ocean_menu_typo_font_size_tablet":0,"ocean_menu_typo_font_size_mobile":0,"ocean_menu_typo_font_size_unit":"px","ocean_menu_typo_font_weight":"","ocean_menu_typo_font_weight_tablet":"","ocean_menu_typo_font_weight_mobile":"","ocean_menu_typo_transform":"","ocean_menu_typo_transform_tablet":"","ocean_menu_typo_transform_mobile":"","ocean_menu_typo_line_height":0,"ocean_menu_typo_line_height_tablet":0,"ocean_menu_typo_line_height_mobile":0,"ocean_menu_typo_line_height_unit":"","ocean_menu_typo_spacing":0,"ocean_menu_typo_spacing_tablet":0,"ocean_menu_typo_spacing_mobile":0,"ocean_menu_typo_spacing_unit":"","ocean_menu_link_color":"","ocean_menu_link_color_hover":"","ocean_menu_link_color_active":"","ocean_menu_link_background":"","ocean_menu_link_hover_background":"","ocean_menu_link_active_background":"","ocean_menu_social_links_bg":"","ocean_menu_social_hover_links_bg":"","ocean_menu_social_links_color":"","ocean_menu_social_hover_links_color":"","ocean_disable_title":"on","ocean_disable_heading":"default","ocean_post_title":"","ocean_post_subheading":"","ocean_post_title_style":"","ocean_post_title_background_color":"","ocean_post_title_background":0,"ocean_post_title_bg_image_position":"","ocean_post_title_bg_image_attachment":"","ocean_post_title_bg_image_repeat":"","ocean_post_title_bg_image_size":"","ocean_post_title_height":0,"ocean_post_title_bg_overlay":0.5,"ocean_post_title_bg_overlay_color":"","ocean_disable_breadcrumbs":"default","ocean_breadcrumbs_color":"","ocean_breadcrumbs_separator_color":"","ocean_breadcrumbs_links_color":"","ocean_breadcrumbs_links_hover_color":"","ocean_display_footer_widgets":"default","ocean_display_footer_bottom":"default","ocean_custom_footer_template":"0","footnotes":""},"class_list":["post-2131","page","type-page","status-publish","has-post-thumbnail","hentry","entry","has-media"],"_links":{"self":[{"href":"https:\/\/fisioterapiamagliasina.ch\/de\/wp-json\/wp\/v2\/pages\/2131","targetHints":{"allow":["GET"]}}],"collection":[{"href":"https:\/\/fisioterapiamagliasina.ch\/de\/wp-json\/wp\/v2\/pages"}],"about":[{"href":"https:\/\/fisioterapiamagliasina.ch\/de\/wp-json\/wp\/v2\/types\/page"}],"author":[{"embeddable":true,"href":"https:\/\/fisioterapiamagliasina.ch\/de\/wp-json\/wp\/v2\/users\/2"}],"replies":[{"embeddable":true,"href":"https:\/\/fisioterapiamagliasina.ch\/de\/wp-json\/wp\/v2\/comments?post=2131"}],"version-history":[{"count":5,"href":"https:\/\/fisioterapiamagliasina.ch\/de\/wp-json\/wp\/v2\/pages\/2131\/revisions"}],"predecessor-version":[{"id":2278,"href":"https:\/\/fisioterapiamagliasina.ch\/de\/wp-json\/wp\/v2\/pages\/2131\/revisions\/2278"}],"up":[{"embeddable":true,"href":"https:\/\/fisioterapiamagliasina.ch\/de\/wp-json\/wp\/v2\/pages\/24"}],"wp:featuredmedia":[{"embeddable":true,"href":"https:\/\/fisioterapiamagliasina.ch\/de\/wp-json\/wp\/v2\/media\/1063"}],"wp:attachment":[{"href":"https:\/\/fisioterapiamagliasina.ch\/de\/wp-json\/wp\/v2\/media?parent=2131"}],"curies":[{"name":"wp","href":"https:\/\/api.w.org\/{rel}","templated":true}]}}