{"id":2130,"date":"2022-07-21T08:27:30","date_gmt":"2022-07-21T08:27:30","guid":{"rendered":"https:\/\/fisioterapiamagliasina.ch\/?page_id=2130"},"modified":"2022-08-11T12:29:54","modified_gmt":"2022-08-11T12:29:54","slug":"maitland","status":"publish","type":"page","link":"https:\/\/fisioterapiamagliasina.ch\/de\/servizi\/maitland\/","title":{"rendered":"Maitland"},"content":{"rendered":"<p>Il concetto Maitland \u00e8 una tecnica utilizzata dai professionisti che effettuano la terapia manuale e che consiste in un esame dettagliato, la diagnosi e il trattamento di varie patologie che causano dolore e limitano il movimento. Utilizza un approccio personalizzato per aiutare ogni paziente a trovare i migliori trattamenti per le proprie esigenze specifiche. Il nostro \u00e8 un team di alto livello, specializzato in terapia manuale, concetto Maitland, Graston technique, riabilitazione e fisioterapia neuromotoria (Bobath), che si occupa della cura del dolore e del recupero della funzione e della qualit\u00e0 della vita. Contatta Fisioterapia Magliasina a Caslano.&nbsp;<\/p>\n\n\n\n<h2 class=\"wp-block-heading\">Cos&#8217;\u00e8 il concetto Maitland?&nbsp;<\/h2>\n\n\n\n<p>Il concetto Maitland \u00e8 un approccio al trattamento personalizzato che utilizza la valutazione comportamentale per identificare le esigenze specifiche di un singolo paziente e per capire la natura e l\u2019origine del disturbo. Queste informazioni vengono quindi utilizzate per creare piani di trattamento personalizzati e specifici per l&#8217;individuo. Il concetto Maitland viene utilizzato in concomitanza con altri trattamenti manuali, come la <a href=\"https:\/\/fisioterapiamagliasina.ch\/de\/servizi\/graston-technique\/\" data-type=\"page\" data-id=\"2129\">Graston technique<\/a>, e si concentra sul paziente facendo un\u2019attenta valutazione per decidere quali tecniche usare, quando, come usarle nel caso di un paziente specifico. Tecniche e trattamenti verranno quindi adattati e personalizzati per il singolo paziente.&nbsp;<\/p>\n\n\n\n<h2 class=\"wp-block-heading\">Quali sono i vantaggi del metodo Maitland?&nbsp;<\/h2>\n\n\n\n<p>I vantaggi di Maitland derivano dal suo approccio personalizzato. Gli individui ricevono un trattamento su misura che \u00e8 specifico per le loro esigenze e obiettivi. Andando all\u2019origine del disturbo, si potranno non solo curare i sintomi, ma andare a lavorare alla radice del problema. Ci\u00f2 consente un trattamento pi\u00f9 efficace e una maggiore probabilit\u00e0 di successo.&nbsp;<\/p>\n\n\n\n<h2 class=\"wp-block-heading\">Come funziona?&nbsp;<\/h2>\n\n\n\n<p>Maitland \u00e8 un trattamento personalizzato che utilizza varie fasi per stabilire cause e trattamento del disturbo.&nbsp;&nbsp;<\/p>\n\n\n\n<h3 class=\"wp-block-heading\">Comunicazione terapista &#8211; paziente&nbsp;<\/h3>\n\n\n\n<p>Una buona comunicazione tra terapista e paziente \u00e8 essenziale per conoscere tutte le informazioni necessarie e per instaurare un rapporto di fiducia. Ti verranno poste molte domande riguardanti la tua storia medica, i disturbi di cui soffri e di come questa influisce sulla tua vita quotidiana.&nbsp;<\/p>\n\n\n\n<h3 class=\"wp-block-heading\">Stabilire le cause&nbsp;<\/h3>\n\n\n\n<p>Per creare un piano di cura specifico per le tue esigenze verr\u00e0 eseguito un esame motorio, funzionale e posturale per stabilire la causa del problema, che potrebbe essere localizzata in una zona diversa da quella dove percepisci il dolore.&nbsp;&nbsp;<\/p>\n\n\n\n<h3 class=\"wp-block-heading\">Stabilire trattamenti e tecniche&nbsp;<\/h3>\n\n\n\n<p>Il terapista decider\u00e0 quali trattamenti e tecniche utilizzare tenendo conto della valutazione fatta e della tua situazione specifica. Poich\u00e9 il trattamento sar\u00e0 personalizzato, potrebbe succedere che su persone con lo stesso problema vengano utilizzati trattamenti e tecniche diversi.&nbsp;<\/p>\n\n\n\n<h3 class=\"wp-block-heading\">Cooperazione terapista &#8211; paziente&nbsp;<\/h3>\n\n\n\n<p>Una volta individuata la causa del problema il terapista deve spiegare al paziente la situazione e come pu\u00f2 collaborare per favorire la guarigione (ad esempio quali cambiamenti saranno necessari nelle sue abitudini quotidiane).&nbsp;<\/p>\n\n\n\n<p>L&#8217;obiettivo del concetto Maitland \u00e8 quindi migliorare la qualit\u00e0 della tua vita risolvendo non solo i sintomi, ma le cause delle tue patologie e riducendo il tempo di guarigione. Questo piano tiene conto dei sintomi, dei farmaci che assumi e di altre condizioni di salute. Il terapista monitora regolarmente i tuoi progressi e effettua aggiustamenti al tipo di trattamento in base alle tue necessit\u00e0.&nbsp;<\/p>\n\n\n\n<h2 class=\"wp-block-heading\">Origini del concetto Maitland&nbsp;<\/h2>\n\n\n\n<p>Notando che i pazienti con sintomi simili rispondevano in modo diverso agli stessi trattamenti, il dottor William Maitland ha sviluppato quello che \u00e8 diventato la base della medicina personalizzata: il concetto Maitland. Pazienti diversi risponderanno in modo diverso allo stesso trattamento, di conseguenza i medici dovrebbero adattare i loro trattamenti specificamente ad ogni singolo paziente. Questo approccio ha portato a migliori risultati per i pazienti e una maggiore precisione nella scelta del trattamento e delle tecniche da utilizzare.&nbsp;<\/p>\n\n\n\n<h2 class=\"wp-block-heading\">Concetto Maitland: il trattamento creato su misura per te&nbsp;<\/h2>\n\n\n\n<p>Ogni persona \u00e8 unica e anche il modo in cui il nostro corpo reagisce a dolore, stimoli o trattamenti \u00e8 unico. Lo scopo del concetto Maitland \u00e8 quello di trovare le tecniche e i trattamenti pi\u00f9 efficaci per te, che rispondano al meglio alle esigenze del tuo corpo. Per ottenere i migliori risultati ed evitare effetti indesiderati, \u00e8 importante affidarsi alle mani di esperti professionisti. Il ragionamento clinico costituisce la base del nostro operato.&nbsp;<br>Tramite\u202fl\u2019<a href=\"https:\/\/it.wikipedia.org\/wiki\/Anamnesi_(medicina)\" data-type=\"URL\" data-id=\"https:\/\/it.wikipedia.org\/wiki\/Anamnesi_(medicina)\" target=\"_blank\" rel=\"noopener\">anamnesi<\/a>\u202fe\u202fl\u2019esame clinico\/fisico\u202fformuliamo una diagnosi\/ipotesi che ci permette di eseguire un\u202ftrattamento efficace&nbsp;<br>Rivolgiti all\u2019esperienza e professionalit\u00e0 di Fisioterapia Magliasina a Caslano&nbsp;<\/p>\n\n\n\n<ul class=\"wp-block-list\"><li>per la cura del dolore cronico e acuto&nbsp;<\/li><li>riabilitazione post-chirurgica e -traumatica&nbsp;<\/li><li>riabilitazione sportiva e allenamento specifico&nbsp;<\/li><\/ul>","protected":false},"excerpt":{"rendered":"<p>Il concetto Maitland \u00e8 una tecnica utilizzata dai professionisti che effettuano la terapia manuale e che consiste in un esame dettagliato, la diagnosi e il trattamento di varie patologie che causano dolore e limitano il movimento. Utilizza un approccio personalizzato per aiutare ogni paziente a trovare i migliori trattamenti per le proprie esigenze specifiche. Il [&hellip;]<\/p>","protected":false},"author":2,"featured_media":1057,"parent":24,"menu_order":0,"comment_status":"closed","ping_status":"closed","template":"","meta":{"ocean_post_layout":"","ocean_both_sidebars_style":"","ocean_both_sidebars_content_width":0,"ocean_both_sidebars_sidebars_width":0,"ocean_sidebar":"0","ocean_second_sidebar":"0","ocean_disable_margins":"enable","ocean_add_body_class":"","ocean_shortcode_before_top_bar":"","ocean_shortcode_after_top_bar":"","ocean_shortcode_before_header":"","ocean_shortcode_after_header":"","ocean_has_shortcode":"","ocean_shortcode_after_title":"","ocean_shortcode_before_footer_widgets":"","ocean_shortcode_after_footer_widgets":"","ocean_shortcode_before_footer_bottom":"","ocean_shortcode_after_footer_bottom":"","ocean_display_top_bar":"default","ocean_display_header":"default","ocean_header_style":"","ocean_center_header_left_menu":"0","ocean_custom_header_template":"0","ocean_custom_logo":0,"ocean_custom_retina_logo":0,"ocean_custom_logo_max_width":0,"ocean_custom_logo_tablet_max_width":0,"ocean_custom_logo_mobile_max_width":0,"ocean_custom_logo_max_height":0,"ocean_custom_logo_tablet_max_height":0,"ocean_custom_logo_mobile_max_height":0,"ocean_header_custom_menu":"0","ocean_menu_typo_font_family":"0","ocean_menu_typo_font_subset":"","ocean_menu_typo_font_size":0,"ocean_menu_typo_font_size_tablet":0,"ocean_menu_typo_font_size_mobile":0,"ocean_menu_typo_font_size_unit":"px","ocean_menu_typo_font_weight":"","ocean_menu_typo_font_weight_tablet":"","ocean_menu_typo_font_weight_mobile":"","ocean_menu_typo_transform":"","ocean_menu_typo_transform_tablet":"","ocean_menu_typo_transform_mobile":"","ocean_menu_typo_line_height":0,"ocean_menu_typo_line_height_tablet":0,"ocean_menu_typo_line_height_mobile":0,"ocean_menu_typo_line_height_unit":"","ocean_menu_typo_spacing":0,"ocean_menu_typo_spacing_tablet":0,"ocean_menu_typo_spacing_mobile":0,"ocean_menu_typo_spacing_unit":"","ocean_menu_link_color":"","ocean_menu_link_color_hover":"","ocean_menu_link_color_active":"","ocean_menu_link_background":"","ocean_menu_link_hover_background":"","ocean_menu_link_active_background":"","ocean_menu_social_links_bg":"","ocean_menu_social_hover_links_bg":"","ocean_menu_social_links_color":"","ocean_menu_social_hover_links_color":"","ocean_disable_title":"on","ocean_disable_heading":"default","ocean_post_title":"","ocean_post_subheading":"","ocean_post_title_style":"","ocean_post_title_background_color":"","ocean_post_title_background":0,"ocean_post_title_bg_image_position":"","ocean_post_title_bg_image_attachment":"","ocean_post_title_bg_image_repeat":"","ocean_post_title_bg_image_size":"","ocean_post_title_height":0,"ocean_post_title_bg_overlay":0.5,"ocean_post_title_bg_overlay_color":"","ocean_disable_breadcrumbs":"default","ocean_breadcrumbs_color":"","ocean_breadcrumbs_separator_color":"","ocean_breadcrumbs_links_color":"","ocean_breadcrumbs_links_hover_color":"","ocean_display_footer_widgets":"default","ocean_display_footer_bottom":"default","ocean_custom_footer_template":"0","footnotes":""},"class_list":["post-2130","page","type-page","status-publish","has-post-thumbnail","hentry","entry","has-media"],"_links":{"self":[{"href":"https:\/\/fisioterapiamagliasina.ch\/de\/wp-json\/wp\/v2\/pages\/2130","targetHints":{"allow":["GET"]}}],"collection":[{"href":"https:\/\/fisioterapiamagliasina.ch\/de\/wp-json\/wp\/v2\/pages"}],"about":[{"href":"https:\/\/fisioterapiamagliasina.ch\/de\/wp-json\/wp\/v2\/types\/page"}],"author":[{"embeddable":true,"href":"https:\/\/fisioterapiamagliasina.ch\/de\/wp-json\/wp\/v2\/users\/2"}],"replies":[{"embeddable":true,"href":"https:\/\/fisioterapiamagliasina.ch\/de\/wp-json\/wp\/v2\/comments?post=2130"}],"version-history":[{"count":3,"href":"https:\/\/fisioterapiamagliasina.ch\/de\/wp-json\/wp\/v2\/pages\/2130\/revisions"}],"predecessor-version":[{"id":2277,"href":"https:\/\/fisioterapiamagliasina.ch\/de\/wp-json\/wp\/v2\/pages\/2130\/revisions\/2277"}],"up":[{"embeddable":true,"href":"https:\/\/fisioterapiamagliasina.ch\/de\/wp-json\/wp\/v2\/pages\/24"}],"wp:featuredmedia":[{"embeddable":true,"href":"https:\/\/fisioterapiamagliasina.ch\/de\/wp-json\/wp\/v2\/media\/1057"}],"wp:attachment":[{"href":"https:\/\/fisioterapiamagliasina.ch\/de\/wp-json\/wp\/v2\/media?parent=2130"}],"curies":[{"name":"wp","href":"https:\/\/api.w.org\/{rel}","templated":true}]}}