{"id":2129,"date":"2022-07-21T08:27:18","date_gmt":"2022-07-21T08:27:18","guid":{"rendered":"https:\/\/fisioterapiamagliasina.ch\/?page_id=2129"},"modified":"2022-08-01T14:33:21","modified_gmt":"2022-08-01T14:33:21","slug":"graston-technique","status":"publish","type":"page","link":"https:\/\/fisioterapiamagliasina.ch\/de\/servizi\/graston-technique\/","title":{"rendered":"Graston technique"},"content":{"rendered":"<p>La Graston technique \u00e8 una tecnica innovativa di mobilitazione dei tessuti molli. Questa tecnica utilizza particolari strumenti per identificare e poi trattare in modo efficace quelle aree dei tessuti molli che presentano restrizioni fasciali, fibrosi o infiammazione cronica. \u00c8 una procedura relativamente nuova che sta diventando sempre pi\u00f9 popolare. Il team di Fisioterapia Magliasina ti aspetta a Caslano. Il nostro \u00e8 un team di alto livello, specializzato in terapia manuale, Graston technique, concetto Maitland, riabilitazione e fisioterapia neuromotoria (Bobath), che si occupa della cura del dolore e del recupero della funzione e della qualit\u00e0 della vita.\u00a0<\/p>\n\n\n\n<h2 class=\"wp-block-heading\">Cos\u2019\u00e8 la Graston technique?&nbsp;<\/h2>\n\n\n\n<p>La tecnica Graston \u00e8 una tecnica che utilizza particolari strumenti in acciaio inox progettati per permettere al professionista di identificare e poi trattare in modo efficace quelle aree dei tessuti molli che presentano restrizioni fasciali, fibrosi o infiammazione cronica, problemi che possono provocare dolore, intorpidimento o difficolt\u00e0 motorie. Questi strumenti permettono al terapista di andare ad agire pi\u00f9 in profondit\u00e0 e in modo pi\u00f9 preciso di quanto riuscirebbe a fare col solo utilizzo delle proprie mani.&nbsp;&nbsp;<\/p>\n\n\n\n<h2 class=\"wp-block-heading\">Gli strumenti?&nbsp;<\/h2>\n\n\n\n<p>La Graston technique utilizza 6 strumenti in acciaio inossidabile brevettati. A seconda della loro forma e dimensione questi strumenti vengono sapientemente utilizzati dall\u2019esperto per trattare varie aree del corpo:\u00a0<\/p>\n\n\n\n<ol class=\"wp-block-list\"><li>Per superfici pi\u00f9 ampie (muscoli posteriori della coscia, glutei, estensori della schiena, quadricipiti e trapezi superiori)<\/li><li>Per superfici curve (flessori ed estensori del polso, gomito, rotula, tallone, bicipiti, e tricipiti)<\/li><li>Per superfici piccole (per trattare una lesione localizzata in un punto preciso)<\/li><li>Per il trattamento delle aree intercostali (muscolo deltoide, cervicale, muscolo gastrocnemio, muscoli adduttori, intercostali e cervicale)<\/li><li>Per il trattamento di aree specifiche come tunnel carpale, dita, muscoli intraossei e il tendine d\u2019Achille<\/li><li>Per il trattamento generale di tessuti molli di forma concava o convessa\u00a0<\/li><\/ol>\n\n\n\n<h2 class=\"wp-block-heading\">Vantaggi della Graston technique&nbsp;<\/h2>\n\n\n\n<p>Il design di ognuno degli strumenti utilizzati in questa tecnica particolare, aumenta le capacit\u00e0 diagnostiche e permette di agire pi\u00f9 in profondit\u00e0 e in modo pi\u00f9 preciso rispetto a quanto si riuscirebbe a fare utilizzando solo le punta delle dita. Questo metodo aumenta il confort del paziente e riduce sensibilmente lo stress manuale del terapista.&nbsp;<\/p>\n\n\n\n<h2 class=\"wp-block-heading\">Per quali problemi \u00e8 indicata la Graston technique?&nbsp;<\/h2>\n\n\n\n<p>La tecnica Graston, insieme all\u2019esercizio terapeutico, \u00e8 utilizzata dal terapista per trattare in modo preciso diverse patologie sia in fase acuta sia in fase cronica:&nbsp;<\/p>\n\n\n\n<h3 class=\"wp-block-heading\">Tendinopatie\u00a0<\/h3>\n\n\n\n<p>Con questo termine ci si riferisce alle condizioni che causano dolore, gonfiore, rigidit\u00e0 e indolenzimento di un tendine. Alcuni fra i tendini pi\u00f9 colpiti da tendinopatia sono quelli dalla spalla, dell\u2019anca, del gomito, del ginocchio, della gamba e del piede.&nbsp;<\/p>\n\n\n\n<h3 class=\"wp-block-heading\">Sindrome miofasciale\u00a0<\/h3>\n\n\n\n<p>\u00c8 caratterizzata da dolore muscolare profondo, continuo, accompagnato da debolezza e rigidit\u00e0 muscolare intorpidimento e spasmi.&nbsp;<\/p>\n\n\n\n<h3 class=\"wp-block-heading\">Stiramenti muscolari e legamentosi\u00a0\u00a0<\/h3>\n\n\n\n<p>Lo stiramento muscolare \u00e8 causato da un eccessivo allungamento del muscolo, dovuto a movimenti bruschi o trazione, che ne causa non la rottura ma la lesione. Una caduta, un movimento forzato o un appoggio sbagliato, possono provocare una distorsione e andare a danneggiare i legamenti. I sintomi sono dolore improvviso e acuto, spasmo muscolare e, nel caso di distorsione, gonfiore all\u2019articolazione.&nbsp;<\/p>\n\n\n\n<h3 class=\"wp-block-heading\">Tessuto cicatriziale\u00a0\u00a0<\/h3>\n\n\n\n<p>Dopo una lesione dovuta a uno strappo o uno stiramento muscolare, il tessuto si ripara formando un tessuto cicatriziale. Pur non essendo doloroso, questo tessuto tende a limitare flessibilit\u00e0 e movimento del muscolo, portando a dolori cronici.&nbsp;<\/p>\n\n\n\n<h3 class=\"wp-block-heading\">Neuropatie da intrappolamento\u00a0<\/h3>\n\n\n\n<p>Si tratta di patologie causate dalla compressione o infiammazione dei nervi periferici che spesso si verifica nei punti dove lo spazio dedicato al passaggio del nervo \u00e8 pi\u00f9 stretto. Alcune patologie sono:&nbsp;<\/p>\n\n\n\n<ul class=\"wp-block-list\"><li>sindrome del <a href=\"https:\/\/it.wikipedia.org\/wiki\/Tunnel_carpale\" target=\"_blank\" rel=\"noopener\">tunnel carpale<\/a> (livello del polso): provoca intorpidimento e dolore a mano, polso e dita, dolore che si acutizza durante la notte.\u00a0<\/li><li>la sindrome dello stretto toracico (a livello dell\u2019apertura toracica superiore): porta a formicolio, dolore, debolezza a collo, spalla o mano.\u00a0<\/li><li>sindrome del tunnel cubitale (a livello del gomito): provoca formicolio, intorpidimento, perdita di forza, alterazione della sensibilit\u00e0 a livello dell\u2019avambraccio, del mignolo e dell\u2019anulare, bruciore e difficolt\u00e0 a piegare il gomito.\u00a0<\/li><\/ul>\n\n\n\n<h2 class=\"wp-block-heading\">Graston technique: al passo con tecniche all\u2019avanguardia&nbsp;&nbsp;<\/h2>\n\n\n\n<p>Nata nel 1994 a <a href=\"https:\/\/it.wikipedia.org\/wiki\/Indianapolis\" target=\"_blank\" rel=\"noopener\">Indianapolis<\/a>, in Indiana, la Graston technique \u00e8 diventata una tecnica conosciuta, apprezzata e utilizzata in tutto il mondo per identificare e trattare le disfunzioni del tessuto molle. \u00c8 una tecnica efficace e sicura che favorisce il miglioramento della mobilit\u00e0 e d\u00e0 sollievo del dolore. Come anche per le altre <a href=\"https:\/\/fisioterapiamagliasina.ch\/de\/servizi\/terapia-manuale\/\" data-type=\"page\" data-id=\"2127\">terapie manuali<\/a>, per ottenere i migliori risultati ed evitare effetti indesiderati, \u00e8 importante affidarsi alle mani di esperti professionisti. Affidati all\u2019esperienza e professionalit\u00e0 di Fisioterapia Magliasina a Caslano.\u00a0<\/p>","protected":false},"excerpt":{"rendered":"<p>La Graston technique \u00e8 una tecnica innovativa di mobilitazione dei tessuti molli. Questa tecnica utilizza particolari strumenti per identificare e poi trattare in modo efficace quelle aree dei tessuti molli che presentano restrizioni fasciali, fibrosi o infiammazione cronica. \u00c8 una procedura relativamente nuova che sta diventando sempre pi\u00f9 popolare. Il team di Fisioterapia Magliasina ti [&hellip;]<\/p>","protected":false},"author":2,"featured_media":1556,"parent":24,"menu_order":0,"comment_status":"closed","ping_status":"closed","template":"","meta":{"ocean_post_layout":"full-width","ocean_both_sidebars_style":"","ocean_both_sidebars_content_width":0,"ocean_both_sidebars_sidebars_width":0,"ocean_sidebar":"0","ocean_second_sidebar":"0","ocean_disable_margins":"enable","ocean_add_body_class":"","ocean_shortcode_before_top_bar":"","ocean_shortcode_after_top_bar":"","ocean_shortcode_before_header":"","ocean_shortcode_after_header":"","ocean_has_shortcode":"","ocean_shortcode_after_title":"","ocean_shortcode_before_footer_widgets":"","ocean_shortcode_after_footer_widgets":"","ocean_shortcode_before_footer_bottom":"","ocean_shortcode_after_footer_bottom":"","ocean_display_top_bar":"default","ocean_display_header":"default","ocean_header_style":"","ocean_center_header_left_menu":"0","ocean_custom_header_template":"0","ocean_custom_logo":0,"ocean_custom_retina_logo":0,"ocean_custom_logo_max_width":0,"ocean_custom_logo_tablet_max_width":0,"ocean_custom_logo_mobile_max_width":0,"ocean_custom_logo_max_height":0,"ocean_custom_logo_tablet_max_height":0,"ocean_custom_logo_mobile_max_height":0,"ocean_header_custom_menu":"0","ocean_menu_typo_font_family":"0","ocean_menu_typo_font_subset":"","ocean_menu_typo_font_size":0,"ocean_menu_typo_font_size_tablet":0,"ocean_menu_typo_font_size_mobile":0,"ocean_menu_typo_font_size_unit":"px","ocean_menu_typo_font_weight":"","ocean_menu_typo_font_weight_tablet":"","ocean_menu_typo_font_weight_mobile":"","ocean_menu_typo_transform":"","ocean_menu_typo_transform_tablet":"","ocean_menu_typo_transform_mobile":"","ocean_menu_typo_line_height":0,"ocean_menu_typo_line_height_tablet":0,"ocean_menu_typo_line_height_mobile":0,"ocean_menu_typo_line_height_unit":"","ocean_menu_typo_spacing":0,"ocean_menu_typo_spacing_tablet":0,"ocean_menu_typo_spacing_mobile":0,"ocean_menu_typo_spacing_unit":"","ocean_menu_link_color":"","ocean_menu_link_color_hover":"","ocean_menu_link_color_active":"","ocean_menu_link_background":"","ocean_menu_link_hover_background":"","ocean_menu_link_active_background":"","ocean_menu_social_links_bg":"","ocean_menu_social_hover_links_bg":"","ocean_menu_social_links_color":"","ocean_menu_social_hover_links_color":"","ocean_disable_title":"on","ocean_disable_heading":"default","ocean_post_title":"","ocean_post_subheading":"","ocean_post_title_style":"","ocean_post_title_background_color":"","ocean_post_title_background":0,"ocean_post_title_bg_image_position":"","ocean_post_title_bg_image_attachment":"","ocean_post_title_bg_image_repeat":"","ocean_post_title_bg_image_size":"","ocean_post_title_height":0,"ocean_post_title_bg_overlay":0.5,"ocean_post_title_bg_overlay_color":"","ocean_disable_breadcrumbs":"default","ocean_breadcrumbs_color":"","ocean_breadcrumbs_separator_color":"","ocean_breadcrumbs_links_color":"","ocean_breadcrumbs_links_hover_color":"","ocean_display_footer_widgets":"default","ocean_display_footer_bottom":"default","ocean_custom_footer_template":"0","footnotes":""},"class_list":["post-2129","page","type-page","status-publish","has-post-thumbnail","hentry","entry","has-media"],"_links":{"self":[{"href":"https:\/\/fisioterapiamagliasina.ch\/de\/wp-json\/wp\/v2\/pages\/2129","targetHints":{"allow":["GET"]}}],"collection":[{"href":"https:\/\/fisioterapiamagliasina.ch\/de\/wp-json\/wp\/v2\/pages"}],"about":[{"href":"https:\/\/fisioterapiamagliasina.ch\/de\/wp-json\/wp\/v2\/types\/page"}],"author":[{"embeddable":true,"href":"https:\/\/fisioterapiamagliasina.ch\/de\/wp-json\/wp\/v2\/users\/2"}],"replies":[{"embeddable":true,"href":"https:\/\/fisioterapiamagliasina.ch\/de\/wp-json\/wp\/v2\/comments?post=2129"}],"version-history":[{"count":4,"href":"https:\/\/fisioterapiamagliasina.ch\/de\/wp-json\/wp\/v2\/pages\/2129\/revisions"}],"predecessor-version":[{"id":2162,"href":"https:\/\/fisioterapiamagliasina.ch\/de\/wp-json\/wp\/v2\/pages\/2129\/revisions\/2162"}],"up":[{"embeddable":true,"href":"https:\/\/fisioterapiamagliasina.ch\/de\/wp-json\/wp\/v2\/pages\/24"}],"wp:featuredmedia":[{"embeddable":true,"href":"https:\/\/fisioterapiamagliasina.ch\/de\/wp-json\/wp\/v2\/media\/1556"}],"wp:attachment":[{"href":"https:\/\/fisioterapiamagliasina.ch\/de\/wp-json\/wp\/v2\/media?parent=2129"}],"curies":[{"name":"wp","href":"https:\/\/api.w.org\/{rel}","templated":true}]}}