{"id":2127,"date":"2022-07-21T08:26:38","date_gmt":"2022-07-21T08:26:38","guid":{"rendered":"https:\/\/fisioterapiamagliasina.ch\/?page_id=2127"},"modified":"2022-08-11T12:30:09","modified_gmt":"2022-08-11T12:30:09","slug":"terapia-manuale","status":"publish","type":"page","link":"https:\/\/fisioterapiamagliasina.ch\/de\/servizi\/terapia-manuale\/","title":{"rendered":"Manuelle Therapie"},"content":{"rendered":"<p>Qualcuno infamiglia ha bisogno della terapia manuale? Ecco un esempio: Dopo una settimana di lavoro, tuo marito ha bisogno di fare sport. Ha sempre amato il calcio, ma ultimamente, quando torna a casa verso le 22:00, spesso zoppica. Tua madre sta invecchiando e il suo dolore dovuto all&#8217;artrosi le sta rendendo la vita difficile, per non parlare delle tue ricorrenti emicranie. Come possiamo alleviare questi dolori che ci rendono la vita impossibile? Esiste una soluzione soddisfacente per ogni situazione? Attraverso la terapia manuale, il team specializzato di Fisioterapia Magliasina a Caslano, ti aiuta a recuperare la funzionalit\u00e0 articolare e bio-meccanica con movimenti accessori e fisiologici passivi.&nbsp;<\/p>\n\n\n\n<h2 class=\"wp-block-heading\">Origini della terapia manuale&nbsp;<\/h2>\n\n\n\n<p>Gi\u00e0 3500 anni fa, cinesi, ind\u00f9, greci ed egiziani, riconobbero l\u2019importanza di una colonna vertebrale sana e riuscirono a curarla. Sono stati trovati geroglifici che descrivono come le mani venissero poste sul corpo di un uomo per ridurre il dolore. Ma fu solo nel XIX secolo che la terapia manuale inizi\u00f2 a prendere forma, in particolare grazie al Dr. <a href=\"https:\/\/it.wikipedia.org\/wiki\/Andrew_Taylor_Still\" data-type=\"URL\" data-id=\"https:\/\/it.wikipedia.org\/wiki\/Andrew_Taylor_Still\" target=\"_blank\" rel=\"noopener\">Andrew Taylor Still<\/a>. Il suo approccio non farmacologico e non chirurgico alla malattia pose le basi per questo tipo di terapia. Nel 1892 fond\u00f2 l&#8217;American College of Osteopathy. Un altro terapeuta, Geoffrey Douglas Maitland, svilupp\u00f2 un concetto di trattamento speciale negli anni &#8217;50. Il concetto di <a href=\"https:\/\/fisioterapiamagliasina.ch\/de\/servizi\/maitland\/\" data-type=\"page\" data-id=\"2130\">Maitland <\/a>appartiene alle correnti pi\u00f9 importanti e significative della terapia manuale.&nbsp;<\/p>\n\n\n\n<h2 class=\"wp-block-heading\">Terapia manuale: che cos&#8217;\u00e8?&nbsp;<\/h2>\n\n\n\n<p>Quando parliamo di terapia manuale, in realt\u00e0 stiamo parlando di tutti i diversi trattamenti che possono essere eseguiti manualmente. La caratteristica principale della terapia manuale \u00e8 quella di avere un approccio globale al corpo al fine di curare le disfunzioni. Il terapeuta cerca sempre la causa del male prima di curarne gli effetti. Un&#8217;altra caratteristica \u00e8 che non si tratta di metodi invasivi poich\u00e9 in genere vengono utilizzate le mani del professionista (in alcuni casi il fisioterapista utilizzer\u00e0 strumenti come nella terapia Graston). Questo \u00e8 il motivo per cui questa tecnica \u00e8 generalmente indicata come l&#8217;arte della guarigione con le mani.&nbsp;<\/p>\n\n\n\n<h2 class=\"wp-block-heading\">Obiettivo&nbsp;<\/h2>\n\n\n\n<p>L&#8217;obiettivo \u00e8 quello di risalire all&#8217;origine del problema grazie a manipolazioni, palpazioni o massaggi sulle parti del corpo interessate, al fine di curare o migliorare la vita del paziente. Il terapista, dopo una precisa valutazione, ripristiner\u00e0 il movimento del tuo corpo agendo sulle zone interessate.&nbsp;<\/p>\n\n\n\n<h2 class=\"wp-block-heading\">Terapia manuale: per quali patologie?&nbsp;<\/h2>\n\n\n\n<p>La terapia manuale pu\u00f2 essere considerata per curare o migliorare diverse patologie: problemi respiratori, emicrania, stress, distorsioni, tendiniti, mal di schiena, dolori articolari, ecc. Sebbene in generale tratti principalmente problemi meccanici del corpo (colonna vertebrale, articolazioni, muscoli, ecc.), pu\u00f2 agire anche su alcuni organi (ad esempio sull\u2019intestino in caso di stitichezza) o addirittura aiutare a sciogliere la tensione accumulata nel corso della vita, tensione che spesso \u00e8 la causa di dolori fisici o problemi psicologici.&nbsp;<\/p>\n\n\n\n<h2 class=\"wp-block-heading\">Terapia manuale: chi la fa e per chi \u00e8 indicata?&nbsp;<\/h2>\n\n\n\n<p>La terapia manuale \u00e8 generalmente praticata da diversi professionisti sanitari: fisioterapista, osteopata, chiropratico, riflessologo plantare, terapista occupazionale. Tutti questi specialisti, infatti, utilizzano le cosiddette tecniche manuali per aiutare i loro pazienti. Va notato tuttavia, che fisioterapisti e chiropratici a volte utilizzano strumenti esterni come gli ultrasuoni.&nbsp;<\/p>\n\n\n\n<p>Per la sua azione non invasiva, questa terapia \u00e8 per tutti, che si tratti di adulti, giovani o neonati. Nel caso dei neonati questa pratica aiuta a ripristinare le tensioni accumulate durante la gravidanza, il parto, a volte difficile, i primi mesi di vita, in caso di coliche o reflusso. Nel tempo, le persone anziane avvertono una diminuzione della loro mobilit\u00e0 a causa di cadute, operazioni o di un dolore ancora pi\u00f9 profondo, quello causato da un lutto. Le diverse tecniche di terapia manuale alleviano il dolore fisico e psicologico degli anziani.&nbsp;<\/p>\n\n\n\n<h2 class=\"wp-block-heading\">Terapia manuale: il benefico tocco di un professionista&nbsp;<\/h2>\n\n\n\n<p>Il nostro corpo ha circa 600 muscoli, 206 ossa e molteplici organi che meritano tutta la nostra attenzione. Sono molte le persone che hanno sperimentato in prima persona i benefici della terapia manuale. Contatta Fisioterapia Magliasina a Caslano. Il nostro \u00e8 un team altamente qualificato e specializzato in terapia manuale, concetto Maitland e fisioterapia neuromotoria.&nbsp;&nbsp;<\/p>","protected":false},"excerpt":{"rendered":"<p>Qualcuno infamiglia ha bisogno della terapia manuale? Ecco un esempio: Dopo una settimana di lavoro, tuo marito ha bisogno di fare sport. Ha sempre amato il calcio, ma ultimamente, quando torna a casa verso le 22:00, spesso zoppica. Tua madre sta invecchiando e il suo dolore dovuto all&#8217;artrosi le sta rendendo la vita difficile, per [&hellip;]<\/p>","protected":false},"author":2,"featured_media":1050,"parent":24,"menu_order":0,"comment_status":"closed","ping_status":"closed","template":"","meta":{"ocean_post_layout":"","ocean_both_sidebars_style":"","ocean_both_sidebars_content_width":0,"ocean_both_sidebars_sidebars_width":0,"ocean_sidebar":"0","ocean_second_sidebar":"0","ocean_disable_margins":"enable","ocean_add_body_class":"","ocean_shortcode_before_top_bar":"","ocean_shortcode_after_top_bar":"","ocean_shortcode_before_header":"","ocean_shortcode_after_header":"","ocean_has_shortcode":"","ocean_shortcode_after_title":"","ocean_shortcode_before_footer_widgets":"","ocean_shortcode_after_footer_widgets":"","ocean_shortcode_before_footer_bottom":"","ocean_shortcode_after_footer_bottom":"","ocean_display_top_bar":"default","ocean_display_header":"default","ocean_header_style":"","ocean_center_header_left_menu":"0","ocean_custom_header_template":"0","ocean_custom_logo":0,"ocean_custom_retina_logo":0,"ocean_custom_logo_max_width":0,"ocean_custom_logo_tablet_max_width":0,"ocean_custom_logo_mobile_max_width":0,"ocean_custom_logo_max_height":0,"ocean_custom_logo_tablet_max_height":0,"ocean_custom_logo_mobile_max_height":0,"ocean_header_custom_menu":"0","ocean_menu_typo_font_family":"0","ocean_menu_typo_font_subset":"","ocean_menu_typo_font_size":0,"ocean_menu_typo_font_size_tablet":0,"ocean_menu_typo_font_size_mobile":0,"ocean_menu_typo_font_size_unit":"px","ocean_menu_typo_font_weight":"","ocean_menu_typo_font_weight_tablet":"","ocean_menu_typo_font_weight_mobile":"","ocean_menu_typo_transform":"","ocean_menu_typo_transform_tablet":"","ocean_menu_typo_transform_mobile":"","ocean_menu_typo_line_height":0,"ocean_menu_typo_line_height_tablet":0,"ocean_menu_typo_line_height_mobile":0,"ocean_menu_typo_line_height_unit":"","ocean_menu_typo_spacing":0,"ocean_menu_typo_spacing_tablet":0,"ocean_menu_typo_spacing_mobile":0,"ocean_menu_typo_spacing_unit":"","ocean_menu_link_color":"","ocean_menu_link_color_hover":"","ocean_menu_link_color_active":"","ocean_menu_link_background":"","ocean_menu_link_hover_background":"","ocean_menu_link_active_background":"","ocean_menu_social_links_bg":"","ocean_menu_social_hover_links_bg":"","ocean_menu_social_links_color":"","ocean_menu_social_hover_links_color":"","ocean_disable_title":"on","ocean_disable_heading":"default","ocean_post_title":"","ocean_post_subheading":"","ocean_post_title_style":"","ocean_post_title_background_color":"","ocean_post_title_background":0,"ocean_post_title_bg_image_position":"","ocean_post_title_bg_image_attachment":"","ocean_post_title_bg_image_repeat":"","ocean_post_title_bg_image_size":"","ocean_post_title_height":0,"ocean_post_title_bg_overlay":0.5,"ocean_post_title_bg_overlay_color":"","ocean_disable_breadcrumbs":"default","ocean_breadcrumbs_color":"","ocean_breadcrumbs_separator_color":"","ocean_breadcrumbs_links_color":"","ocean_breadcrumbs_links_hover_color":"","ocean_display_footer_widgets":"default","ocean_display_footer_bottom":"default","ocean_custom_footer_template":"0","footnotes":""},"class_list":["post-2127","page","type-page","status-publish","has-post-thumbnail","hentry","entry","has-media"],"_links":{"self":[{"href":"https:\/\/fisioterapiamagliasina.ch\/de\/wp-json\/wp\/v2\/pages\/2127","targetHints":{"allow":["GET"]}}],"collection":[{"href":"https:\/\/fisioterapiamagliasina.ch\/de\/wp-json\/wp\/v2\/pages"}],"about":[{"href":"https:\/\/fisioterapiamagliasina.ch\/de\/wp-json\/wp\/v2\/types\/page"}],"author":[{"embeddable":true,"href":"https:\/\/fisioterapiamagliasina.ch\/de\/wp-json\/wp\/v2\/users\/2"}],"replies":[{"embeddable":true,"href":"https:\/\/fisioterapiamagliasina.ch\/de\/wp-json\/wp\/v2\/comments?post=2127"}],"version-history":[{"count":6,"href":"https:\/\/fisioterapiamagliasina.ch\/de\/wp-json\/wp\/v2\/pages\/2127\/revisions"}],"predecessor-version":[{"id":2279,"href":"https:\/\/fisioterapiamagliasina.ch\/de\/wp-json\/wp\/v2\/pages\/2127\/revisions\/2279"}],"up":[{"embeddable":true,"href":"https:\/\/fisioterapiamagliasina.ch\/de\/wp-json\/wp\/v2\/pages\/24"}],"wp:featuredmedia":[{"embeddable":true,"href":"https:\/\/fisioterapiamagliasina.ch\/de\/wp-json\/wp\/v2\/media\/1050"}],"wp:attachment":[{"href":"https:\/\/fisioterapiamagliasina.ch\/de\/wp-json\/wp\/v2\/media?parent=2127"}],"curies":[{"name":"wp","href":"https:\/\/api.w.org\/{rel}","templated":true}]}}